{"id":2850,"date":"2026-03-09T16:50:56","date_gmt":"2026-03-09T16:50:56","guid":{"rendered":"https:\/\/shop.kleiner-stern.ch\/?post_type=product&#038;p=2850"},"modified":"2026-03-12T11:10:21","modified_gmt":"2026-03-12T11:10:21","slug":"softshell-hosen","status":"publish","type":"product","link":"https:\/\/shop.kleiner-stern.ch\/index.php\/product\/softshell-hosen\/","title":{"rendered":"Softshell Hosen Gr\u00f6sse 98"},"content":{"rendered":"<p>Diese Softshell Hosen sind der perfekte Begleiter f\u00fcr draussen.<\/p>\n<p>Sie sind wind -und wasserabweisend.<\/p>\n<p>Mit dieser Hose wird die \u00dcbergangszeit zum Spa\u00df-Abenteuer!<\/p>\n<p>Pflegehinweis: Nur 30Grad waschen ohne Weichsp\u00fcler.<\/p>\n","protected":false},"excerpt":{"rendered":"<p>Diese Softshell Hosen sind der perfekte Begleiter f\u00fcr draussen. Sie sind wind -und wasserabweisend. Mit dieser Hose wird die \u00dcbergangszeit zum Spa\u00df-Abenteuer! Pflegehinweis: Nur 30Grad waschen ohne Weichsp\u00fcler.<\/p>\n","protected":false},"featured_media":2851,"comment_status":"open","ping_status":"closed","template":"","meta":{"_bst_post_transparent":"default","_bst_post_title":"","_bst_post_layout":"default","_bst_post_sidebar_id":"","_bst_post_content_style":"default","_bst_post_vertical_padding":"default","_bst_post_feature":"","_bst_post_feature_position":"","_bst_post_header":false,"_bst_post_footer":false},"product_brand":[],"product_cat":[168],"product_tag":[],"product_brands":[],"class_list":{"0":"post-2850","1":"product","2":"type-product","3":"status-publish","4":"has-post-thumbnail","6":"product_cat-softshellhosen","7":"product_shipping_class-2-chf","9":"first","10":"instock","11":"shipping-taxable","12":"purchasable","13":"product-type-simple","14":"entry","15":"content-bg","16":"loop-entry"},"_links":{"self":[{"href":"https:\/\/shop.kleiner-stern.ch\/index.php\/wp-json\/wp\/v2\/product\/2850","targetHints":{"allow":["GET"]}}],"collection":[{"href":"https:\/\/shop.kleiner-stern.ch\/index.php\/wp-json\/wp\/v2\/product"}],"about":[{"href":"https:\/\/shop.kleiner-stern.ch\/index.php\/wp-json\/wp\/v2\/types\/product"}],"replies":[{"embeddable":true,"href":"https:\/\/shop.kleiner-stern.ch\/index.php\/wp-json\/wp\/v2\/comments?post=2850"}],"wp:featuredmedia":[{"embeddable":true,"href":"https:\/\/shop.kleiner-stern.ch\/index.php\/wp-json\/wp\/v2\/media\/2851"}],"wp:attachment":[{"href":"https:\/\/shop.kleiner-stern.ch\/index.php\/wp-json\/wp\/v2\/media?parent=2850"}],"wp:term":[{"taxonomy":"product_brand","embeddable":true,"href":"https:\/\/shop.kleiner-stern.ch\/index.php\/wp-json\/wp\/v2\/product_brand?post=2850"},{"taxonomy":"product_cat","embeddable":true,"href":"https:\/\/shop.kleiner-stern.ch\/index.php\/wp-json\/wp\/v2\/product_cat?post=2850"},{"taxonomy":"product_tag","embeddable":true,"href":"https:\/\/shop.kleiner-stern.ch\/index.php\/wp-json\/wp\/v2\/product_tag?post=2850"},{"taxonomy":"product_brands","embeddable":true,"href":"https:\/\/shop.kleiner-stern.ch\/index.php\/wp-json\/wp\/v2\/product_brands?post=2850"}],"curies":[{"name":"wp","href":"https:\/\/api.w.org\/{rel}","templated":true}]}}