{"id":2855,"date":"2026-03-09T17:06:28","date_gmt":"2026-03-09T17:06:28","guid":{"rendered":"https:\/\/shop.kleiner-stern.ch\/?post_type=product&#038;p=2855"},"modified":"2026-03-12T11:08:59","modified_gmt":"2026-03-12T11:08:59","slug":"pyjama","status":"publish","type":"product","link":"https:\/\/shop.kleiner-stern.ch\/index.php\/product\/pyjama\/","title":{"rendered":"Pyjama Gr\u00f6sse 92\/98"},"content":{"rendered":"<p>S\u00fcsser Kinder-Pyjama \u2013 f\u00fcr zauberhafte Tr\u00e4ume<\/p>\n<p>Ein ganz besonderes Einzelst\u00fcck f\u00fcr kleine Traumf\u00e4nger! Unser liebevoll gestalteter Kinder-Pyjama bringt Komfort, W\u00e4rme und eine Extraportion Niedlichkeit ins Kinderzimmer.<\/p>\n<p>Perfekt f\u00fcr s\u00fc\u00dfe Tr\u00e4ume und entspannte N\u00e4chte \u2013 weil nur das Beste gut genug f\u00fcr die Kleinen ist.<\/p>\n","protected":false},"excerpt":{"rendered":"<p>S\u00fcsser Kinder-Pyjama \u2013 f\u00fcr zauberhafte Tr\u00e4ume Ein ganz besonderes Einzelst\u00fcck f\u00fcr kleine Traumf\u00e4nger! Unser liebevoll gestalteter Kinder-Pyjama bringt Komfort, W\u00e4rme und eine Extraportion Niedlichkeit ins Kinderzimmer. Perfekt f\u00fcr s\u00fc\u00dfe Tr\u00e4ume und entspannte N\u00e4chte \u2013 weil nur das Beste gut genug f\u00fcr die Kleinen ist.<\/p>\n","protected":false},"featured_media":2856,"comment_status":"open","ping_status":"closed","template":"","meta":{"_bst_post_transparent":"default","_bst_post_title":"","_bst_post_layout":"default","_bst_post_sidebar_id":"","_bst_post_content_style":"default","_bst_post_vertical_padding":"default","_bst_post_feature":"","_bst_post_feature_position":"","_bst_post_header":false,"_bst_post_footer":false},"product_brand":[],"product_cat":[165],"product_tag":[],"product_brands":[],"class_list":{"0":"post-2855","1":"product","2":"type-product","3":"status-publish","4":"has-post-thumbnail","6":"product_cat-pyjamas","7":"product_shipping_class-2-chf","9":"first","10":"instock","11":"shipping-taxable","12":"purchasable","13":"product-type-simple","14":"entry","15":"content-bg","16":"loop-entry"},"_links":{"self":[{"href":"https:\/\/shop.kleiner-stern.ch\/index.php\/wp-json\/wp\/v2\/product\/2855","targetHints":{"allow":["GET"]}}],"collection":[{"href":"https:\/\/shop.kleiner-stern.ch\/index.php\/wp-json\/wp\/v2\/product"}],"about":[{"href":"https:\/\/shop.kleiner-stern.ch\/index.php\/wp-json\/wp\/v2\/types\/product"}],"replies":[{"embeddable":true,"href":"https:\/\/shop.kleiner-stern.ch\/index.php\/wp-json\/wp\/v2\/comments?post=2855"}],"wp:featuredmedia":[{"embeddable":true,"href":"https:\/\/shop.kleiner-stern.ch\/index.php\/wp-json\/wp\/v2\/media\/2856"}],"wp:attachment":[{"href":"https:\/\/shop.kleiner-stern.ch\/index.php\/wp-json\/wp\/v2\/media?parent=2855"}],"wp:term":[{"taxonomy":"product_brand","embeddable":true,"href":"https:\/\/shop.kleiner-stern.ch\/index.php\/wp-json\/wp\/v2\/product_brand?post=2855"},{"taxonomy":"product_cat","embeddable":true,"href":"https:\/\/shop.kleiner-stern.ch\/index.php\/wp-json\/wp\/v2\/product_cat?post=2855"},{"taxonomy":"product_tag","embeddable":true,"href":"https:\/\/shop.kleiner-stern.ch\/index.php\/wp-json\/wp\/v2\/product_tag?post=2855"},{"taxonomy":"product_brands","embeddable":true,"href":"https:\/\/shop.kleiner-stern.ch\/index.php\/wp-json\/wp\/v2\/product_brands?post=2855"}],"curies":[{"name":"wp","href":"https:\/\/api.w.org\/{rel}","templated":true}]}}