{"id":2976,"date":"2026-03-13T20:09:39","date_gmt":"2026-03-13T20:09:39","guid":{"rendered":"https:\/\/shop.kleiner-stern.ch\/?post_type=product&#038;p=2976"},"modified":"2026-03-13T20:14:21","modified_gmt":"2026-03-13T20:14:21","slug":"scunchies-kopie","status":"publish","type":"product","link":"https:\/\/shop.kleiner-stern.ch\/index.php\/product\/scunchies-kopie\/","title":{"rendered":"Scrunchies"},"content":{"rendered":"","protected":false},"excerpt":{"rendered":"<p class=\"isSelectedEnd\">\u2728 Scrunchie \u2013 der kleine Hingucker mit gro\u00dfer Wirkung! \u2728<\/p>\n<p class=\"isSelectedEnd\">Manchmal braucht es nicht viel, um ein Outfit besonders zu machen \u2013 dieses Scrunchie ist genau dieses Detail. Ob l\u00e4ssiger Zopf, eleganter Dutt oder einfach als stylisches Accessoire am Handgelenk.<\/p>\n<p>\ud83d\udcab Weicher Stoff \u2013 sanft zum Haar<br \/>\n\ud83d\udcab Stylisch &amp; vielseitig kombinierbar<br \/>\n\ud83d\udcab Perfekt f\u00fcr Alltag, B\u00fcro oder besondere Anl\u00e4sse<\/p>\n","protected":false},"featured_media":2977,"comment_status":"open","ping_status":"closed","template":"","meta":{"_bst_post_transparent":"default","_bst_post_title":"","_bst_post_layout":"default","_bst_post_sidebar_id":"","_bst_post_content_style":"default","_bst_post_vertical_padding":"default","_bst_post_feature":"","_bst_post_feature_position":"","_bst_post_header":false,"_bst_post_footer":false},"product_brand":[],"product_cat":[169],"product_tag":[],"product_brands":[],"class_list":{"0":"post-2976","1":"product","2":"type-product","3":"status-publish","4":"has-post-thumbnail","6":"product_cat-scrunchies","7":"product_shipping_class-1-chf","9":"first","10":"instock","11":"shipping-taxable","12":"purchasable","13":"product-type-simple","14":"entry","15":"content-bg","16":"loop-entry"},"_links":{"self":[{"href":"https:\/\/shop.kleiner-stern.ch\/index.php\/wp-json\/wp\/v2\/product\/2976","targetHints":{"allow":["GET"]}}],"collection":[{"href":"https:\/\/shop.kleiner-stern.ch\/index.php\/wp-json\/wp\/v2\/product"}],"about":[{"href":"https:\/\/shop.kleiner-stern.ch\/index.php\/wp-json\/wp\/v2\/types\/product"}],"replies":[{"embeddable":true,"href":"https:\/\/shop.kleiner-stern.ch\/index.php\/wp-json\/wp\/v2\/comments?post=2976"}],"wp:featuredmedia":[{"embeddable":true,"href":"https:\/\/shop.kleiner-stern.ch\/index.php\/wp-json\/wp\/v2\/media\/2977"}],"wp:attachment":[{"href":"https:\/\/shop.kleiner-stern.ch\/index.php\/wp-json\/wp\/v2\/media?parent=2976"}],"wp:term":[{"taxonomy":"product_brand","embeddable":true,"href":"https:\/\/shop.kleiner-stern.ch\/index.php\/wp-json\/wp\/v2\/product_brand?post=2976"},{"taxonomy":"product_cat","embeddable":true,"href":"https:\/\/shop.kleiner-stern.ch\/index.php\/wp-json\/wp\/v2\/product_cat?post=2976"},{"taxonomy":"product_tag","embeddable":true,"href":"https:\/\/shop.kleiner-stern.ch\/index.php\/wp-json\/wp\/v2\/product_tag?post=2976"},{"taxonomy":"product_brands","embeddable":true,"href":"https:\/\/shop.kleiner-stern.ch\/index.php\/wp-json\/wp\/v2\/product_brands?post=2976"}],"curies":[{"name":"wp","href":"https:\/\/api.w.org\/{rel}","templated":true}]}}