{"id":2995,"date":"2026-03-13T20:53:39","date_gmt":"2026-03-13T20:53:39","guid":{"rendered":"https:\/\/shop.kleiner-stern.ch\/?post_type=product&#038;p=2995"},"modified":"2026-03-13T20:54:19","modified_gmt":"2026-03-13T20:54:19","slug":"stirnband-ku-48-2","status":"publish","type":"product","link":"https:\/\/shop.kleiner-stern.ch\/index.php\/product\/stirnband-ku-48-2\/","title":{"rendered":"Stirnband KU 48"},"content":{"rendered":"","protected":false},"excerpt":{"rendered":"<p class=\"isSelectedEnd\">Stirnband aus Jersey \u2013 leicht, bequem &amp; perfekt f\u00fcr die \u00dcbergangszeit<\/p>\n<p>Dieses Stirnband aus weichem Jerseystoff ist der ideale Begleiter f\u00fcr Fr\u00fchling und Herbst. Es sch\u00fctzt deine Ohren vor Wind und k\u00fchlen Temperaturen, ohne dabei zu warm zu sein \u2013 perfekt f\u00fcr die \u00dcbergangszeit.<\/p>\n","protected":false},"featured_media":2996,"comment_status":"open","ping_status":"closed","template":"","meta":{"_bst_post_transparent":"default","_bst_post_title":"","_bst_post_layout":"default","_bst_post_sidebar_id":"","_bst_post_content_style":"default","_bst_post_vertical_padding":"default","_bst_post_feature":"","_bst_post_feature_position":"","_bst_post_header":false,"_bst_post_footer":false},"product_brand":[],"product_cat":[156],"product_tag":[],"product_brands":[],"class_list":{"0":"post-2995","1":"product","2":"type-product","3":"status-publish","4":"has-post-thumbnail","6":"product_cat-stirnband","7":"product_shipping_class-1-chf","9":"first","10":"instock","11":"shipping-taxable","12":"purchasable","13":"product-type-simple","14":"entry","15":"content-bg","16":"loop-entry"},"_links":{"self":[{"href":"https:\/\/shop.kleiner-stern.ch\/index.php\/wp-json\/wp\/v2\/product\/2995","targetHints":{"allow":["GET"]}}],"collection":[{"href":"https:\/\/shop.kleiner-stern.ch\/index.php\/wp-json\/wp\/v2\/product"}],"about":[{"href":"https:\/\/shop.kleiner-stern.ch\/index.php\/wp-json\/wp\/v2\/types\/product"}],"replies":[{"embeddable":true,"href":"https:\/\/shop.kleiner-stern.ch\/index.php\/wp-json\/wp\/v2\/comments?post=2995"}],"wp:featuredmedia":[{"embeddable":true,"href":"https:\/\/shop.kleiner-stern.ch\/index.php\/wp-json\/wp\/v2\/media\/2996"}],"wp:attachment":[{"href":"https:\/\/shop.kleiner-stern.ch\/index.php\/wp-json\/wp\/v2\/media?parent=2995"}],"wp:term":[{"taxonomy":"product_brand","embeddable":true,"href":"https:\/\/shop.kleiner-stern.ch\/index.php\/wp-json\/wp\/v2\/product_brand?post=2995"},{"taxonomy":"product_cat","embeddable":true,"href":"https:\/\/shop.kleiner-stern.ch\/index.php\/wp-json\/wp\/v2\/product_cat?post=2995"},{"taxonomy":"product_tag","embeddable":true,"href":"https:\/\/shop.kleiner-stern.ch\/index.php\/wp-json\/wp\/v2\/product_tag?post=2995"},{"taxonomy":"product_brands","embeddable":true,"href":"https:\/\/shop.kleiner-stern.ch\/index.php\/wp-json\/wp\/v2\/product_brands?post=2995"}],"curies":[{"name":"wp","href":"https:\/\/api.w.org\/{rel}","templated":true}]}}